{"id":424,"date":"2022-02-08T21:12:45","date_gmt":"2022-02-08T20:12:45","guid":{"rendered":"http:\/\/lamaisonduvieuxport.fr\/?page_id=424"},"modified":"2022-06-08T23:16:47","modified_gmt":"2022-06-08T21:16:47","slug":"activites","status":"publish","type":"page","link":"https:\/\/lamaisonduvieuxport.fr\/?page_id=424","title":{"rendered":"Activit\u00e9s"},"content":{"rendered":"\n<p class=\"has-text-align-center\"><strong>Et comme on pense aussi \u00e0 vos loisirs, vous trouverez une multitude d\u2019activit\u00e9s \u00e0 d\u00e9couvrir\u2026<\/strong><\/p>\n\n\n\n<p class=\"has-text-align-center\">Dans la Hague, les promenades sont de rigueur entre jardin, parc ou mus\u00e9e (comme la Maison Natale du c\u00e9l\u00e8bre peintre&nbsp;Jean Fran\u00e7ois Millet&nbsp;ou encore celle de&nbsp;Jacques Pr\u00e9vert).<\/p>\n\n\n\n<p class=\"has-text-align-center\">La beaut\u00e9 unique et exceptionnelle des paysages mais \u00e9galement la culture et le terroir s\u00e9duira chacun.<\/p>\n\n\n\n<p class=\"has-text-align-center\">Le\u00a0sentier du littoral permet de d\u00e9couvrir une nature exub\u00e9rante qui offre un spectacle d\u2019ombres et de lumi\u00e8res saisissant. Entre\u00a0Goury, lieu incontournable situ\u00e9 au Cap de la Hague, Landemer et ses falaises. De longues plages sauvages s\u2019offrent \u00e9galement aux randonneurs et on y trouve de\u00a0nombreuses\u00a0activit\u00e9s\u00a0: planche \u00e0 voile, kitesurf, cano\u00eb\u2026<\/p>\n\n\n\n<figure class=\"wp-block-image size-large is-style-default\"><img loading=\"lazy\" decoding=\"async\" width=\"1024\" height=\"683\" src=\"https:\/\/lamaisonduvieuxport.fr\/wp-content\/uploads\/2022\/06\/DSC04477-1024x683.jpg\" alt=\"\" class=\"wp-image-574\" srcset=\"https:\/\/lamaisonduvieuxport.fr\/wp-content\/uploads\/2022\/06\/DSC04477-1024x683.jpg 1024w, https:\/\/lamaisonduvieuxport.fr\/wp-content\/uploads\/2022\/06\/DSC04477-300x200.jpg 300w, https:\/\/lamaisonduvieuxport.fr\/wp-content\/uploads\/2022\/06\/DSC04477-768x512.jpg 768w, https:\/\/lamaisonduvieuxport.fr\/wp-content\/uploads\/2022\/06\/DSC04477.jpg 1500w\" sizes=\"auto, (max-width: 1024px) 100vw, 1024px\" \/><\/figure>\n\n\n\n<div class=\"wp-block-columns is-layout-flex wp-container-core-columns-is-layout-9d6595d7 wp-block-columns-is-layout-flex\">\n<div class=\"wp-block-column is-layout-flow wp-block-column-is-layout-flow\">\n<h2 class=\"has-text-align-center wp-block-heading\"><strong>Le Port<\/strong><\/h2>\n\n\n\n<p class=\"has-text-align-center\"><em>Un acc\u00e8s quasi permanent sur la c\u00f4te ouest du Cotentin, port abris avant le passage du Raz Blanchard. Port de plaisance avec des activit\u00e9s de p\u00eache, de commerce et de trafic passagers vers les \u00eeles anglo-normandes.<\/em><\/p>\n\n\n\n<figure class=\"wp-block-image size-full is-style-default\"><img loading=\"lazy\" decoding=\"async\" width=\"650\" height=\"430\" src=\"https:\/\/lamaisonduvieuxport.fr\/wp-content\/uploads\/2022\/06\/le-port-.jpg\" alt=\"\" class=\"wp-image-576\" srcset=\"https:\/\/lamaisonduvieuxport.fr\/wp-content\/uploads\/2022\/06\/le-port-.jpg 650w, https:\/\/lamaisonduvieuxport.fr\/wp-content\/uploads\/2022\/06\/le-port--300x198.jpg 300w\" sizes=\"auto, (max-width: 650px) 100vw, 650px\" \/><\/figure>\n<\/div>\n\n\n\n<div class=\"wp-block-column is-layout-flow wp-block-column-is-layout-flow\">\n<h2 class=\"has-text-align-center wp-block-heading\"><strong>Centre Nautique <\/strong><\/h2>\n\n\n\n<p class=\"has-text-align-center\"><em>Le centre nautique est labellis\u00e9 Ecole Fran\u00e7aise de Voile et Ecole Fran\u00e7aise de Pagaie et propose une initiation ou un perfectionnement \u00e0 la planche \u00e0 voile, au d\u00e9riveur, au catamaran, au kayak ou au windfoil&#8230;<\/em><\/p>\n\n\n\n<figure class=\"wp-block-image size-full is-style-default\"><img loading=\"lazy\" decoding=\"async\" width=\"800\" height=\"600\" src=\"https:\/\/lamaisonduvieuxport.fr\/wp-content\/uploads\/2022\/06\/centre-nautique.jpeg\" alt=\"\" class=\"wp-image-577\" srcset=\"https:\/\/lamaisonduvieuxport.fr\/wp-content\/uploads\/2022\/06\/centre-nautique.jpeg 800w, https:\/\/lamaisonduvieuxport.fr\/wp-content\/uploads\/2022\/06\/centre-nautique-300x225.jpeg 300w, https:\/\/lamaisonduvieuxport.fr\/wp-content\/uploads\/2022\/06\/centre-nautique-768x576.jpeg 768w\" sizes=\"auto, (max-width: 800px) 100vw, 800px\" \/><\/figure>\n<\/div>\n\n\n\n<div class=\"wp-block-column is-layout-flow wp-block-column-is-layout-flow\">\n<h2 class=\"has-text-align-center wp-block-heading\"><strong>Le spot de Siouville<\/strong><\/h2>\n\n\n\n<p class=\"has-text-align-center\"><em>Cette petite station baln\u00e9aire, ville de surf, situ\u00e9e \u00e0 5min poss\u00e8de une belle et immense plage de sable fin. Le site est r\u00e9put\u00e9 pour la pratique du surf, du char \u00e0 voile, du kite surf et de la planche \u00e0 voile.<\/em><\/p>\n\n\n\n<figure class=\"wp-block-image size-full is-style-default\"><img loading=\"lazy\" decoding=\"async\" width=\"1000\" height=\"666\" src=\"https:\/\/lamaisonduvieuxport.fr\/wp-content\/uploads\/2022\/06\/siouville.jpg\" alt=\"\" class=\"wp-image-578\" srcset=\"https:\/\/lamaisonduvieuxport.fr\/wp-content\/uploads\/2022\/06\/siouville.jpg 1000w, https:\/\/lamaisonduvieuxport.fr\/wp-content\/uploads\/2022\/06\/siouville-300x200.jpg 300w, https:\/\/lamaisonduvieuxport.fr\/wp-content\/uploads\/2022\/06\/siouville-768x511.jpg 768w\" sizes=\"auto, (max-width: 1000px) 100vw, 1000px\" \/><\/figure>\n<\/div>\n<\/div>\n\n\n\n<div class=\"wp-block-columns is-layout-flex wp-container-core-columns-is-layout-9d6595d7 wp-block-columns-is-layout-flex\">\n<div class=\"wp-block-column is-layout-flow wp-block-column-is-layout-flow\">\n<h2 class=\"has-text-align-center wp-block-heading\"><strong>Maison Natale de Jean-fran\u00e7ois Millet<\/strong><\/h2>\n\n\n\n<p class=\"has-text-align-center\"><em>Balade comment\u00e9e pour d\u00e9couvrir le hameau Gruchy,, jusqu&#8217;au point de vue du Castel Vendon, sur les lieux qui ont inspir\u00e9 l&#8217;artiste.<\/em><\/p>\n\n\n\n<figure class=\"wp-block-image size-large is-style-default\"><img loading=\"lazy\" decoding=\"async\" width=\"1024\" height=\"835\" src=\"https:\/\/lamaisonduvieuxport.fr\/wp-content\/uploads\/2022\/06\/maison-natale-jean-francois-1024x835.jpg\" alt=\"\" class=\"wp-image-579\" srcset=\"https:\/\/lamaisonduvieuxport.fr\/wp-content\/uploads\/2022\/06\/maison-natale-jean-francois-1024x835.jpg 1024w, https:\/\/lamaisonduvieuxport.fr\/wp-content\/uploads\/2022\/06\/maison-natale-jean-francois-300x245.jpg 300w, https:\/\/lamaisonduvieuxport.fr\/wp-content\/uploads\/2022\/06\/maison-natale-jean-francois-768x627.jpg 768w, https:\/\/lamaisonduvieuxport.fr\/wp-content\/uploads\/2022\/06\/maison-natale-jean-francois.jpg 1200w\" sizes=\"auto, (max-width: 1024px) 100vw, 1024px\" \/><\/figure>\n<\/div>\n\n\n\n<div class=\"wp-block-column is-layout-flow wp-block-column-is-layout-flow\">\n<h2 class=\"has-text-align-center wp-block-heading\"><strong>Jardin botanique de Vauville<\/strong><\/h2>\n\n\n\n<p class=\"has-text-align-center\"><em>\u00c9galement appel\u00e9 le Jardin du voyageur, il abrite plus de 1 000 esp\u00e8ces de plantes de l&#8217;h\u00e9misph\u00e8re austral. Le jardin a \u00e9t\u00e9 inscrit \u00e0 l&#8217;Inventaire suppl\u00e9mentaire des Monuments historiques en 1992 et class\u00e9 \u00ab Jardin remarquable \u00bb en 2004.<\/em><\/p>\n\n\n\n<figure class=\"wp-block-image size-full is-style-default\"><img loading=\"lazy\" decoding=\"async\" width=\"400\" height=\"300\" src=\"https:\/\/lamaisonduvieuxport.fr\/wp-content\/uploads\/2022\/06\/Jardin-botanique-de-Vauville.jpg\" alt=\"\" class=\"wp-image-580\" srcset=\"https:\/\/lamaisonduvieuxport.fr\/wp-content\/uploads\/2022\/06\/Jardin-botanique-de-Vauville.jpg 400w, https:\/\/lamaisonduvieuxport.fr\/wp-content\/uploads\/2022\/06\/Jardin-botanique-de-Vauville-300x225.jpg 300w\" sizes=\"auto, (max-width: 400px) 100vw, 400px\" \/><\/figure>\n<\/div>\n\n\n\n<div class=\"wp-block-column is-layout-flow wp-block-column-is-layout-flow\">\n<h2 class=\"has-text-align-center wp-block-heading\">Mus\u00e9e des Mines et des Carri\u00e8res<\/h2>\n\n\n\n<p class=\"has-text-align-center\"><em>Le mus\u00e9e est consacr\u00e9 \u00e0 l&#8217;ancienne mine de fer sous-marine et aux carri\u00e8res de granit. De nombreuses photos et des outils sont expos\u00e9s.<\/em><\/p>\n\n\n\n<figure class=\"wp-block-image size-large is-style-default\"><img loading=\"lazy\" decoding=\"async\" width=\"1024\" height=\"680\" src=\"https:\/\/lamaisonduvieuxport.fr\/wp-content\/uploads\/2022\/06\/Capture-de\u0301cran-2022-06-07-a\u0300-00.23.25-1024x680.png\" alt=\"\" class=\"wp-image-581\" srcset=\"https:\/\/lamaisonduvieuxport.fr\/wp-content\/uploads\/2022\/06\/Capture-de\u0301cran-2022-06-07-a\u0300-00.23.25-1024x680.png 1024w, https:\/\/lamaisonduvieuxport.fr\/wp-content\/uploads\/2022\/06\/Capture-de\u0301cran-2022-06-07-a\u0300-00.23.25-300x199.png 300w, https:\/\/lamaisonduvieuxport.fr\/wp-content\/uploads\/2022\/06\/Capture-de\u0301cran-2022-06-07-a\u0300-00.23.25-768x510.png 768w, https:\/\/lamaisonduvieuxport.fr\/wp-content\/uploads\/2022\/06\/Capture-de\u0301cran-2022-06-07-a\u0300-00.23.25-1536x1021.png 1536w, https:\/\/lamaisonduvieuxport.fr\/wp-content\/uploads\/2022\/06\/Capture-de\u0301cran-2022-06-07-a\u0300-00.23.25.png 1782w\" sizes=\"auto, (max-width: 1024px) 100vw, 1024px\" \/><\/figure>\n<\/div>\n<\/div>\n\n\n\n<div class=\"wp-block-columns is-layout-flex wp-container-core-columns-is-layout-9d6595d7 wp-block-columns-is-layout-flex\">\n<div class=\"wp-block-column is-layout-flow wp-block-column-is-layout-flow\">\n<h2 class=\"has-text-align-center wp-block-heading\"><strong>Parc du Ch\u00e2teau<\/strong><\/h2>\n\n\n\n<p class=\"has-text-align-center\"><em>Accessibles gratuitement tout au long de l\u2019ann\u00e9e, d\u00e9couvrez un parc de plusieurs hectares enrichi de bois, d\u2019\u00e9tangs, d\u2019un jardin de dahlias ainsi que d\u2019une magnifique tour octogonale.<\/em><\/p>\n\n\n\n<figure class=\"wp-block-image size-full is-style-default\"><img loading=\"lazy\" decoding=\"async\" width=\"440\" height=\"247\" src=\"https:\/\/lamaisonduvieuxport.fr\/wp-content\/uploads\/2022\/06\/Parc-du-Cha\u0302teau.jpg\" alt=\"\" class=\"wp-image-584\" srcset=\"https:\/\/lamaisonduvieuxport.fr\/wp-content\/uploads\/2022\/06\/Parc-du-Cha\u0302teau.jpg 440w, https:\/\/lamaisonduvieuxport.fr\/wp-content\/uploads\/2022\/06\/Parc-du-Cha\u0302teau-300x168.jpg 300w\" sizes=\"auto, (max-width: 440px) 100vw, 440px\" \/><\/figure>\n<\/div>\n\n\n\n<div class=\"wp-block-column is-layout-flow wp-block-column-is-layout-flow\">\n<h2 class=\"has-text-align-center wp-block-heading\"><strong>Ferme de la Commanderie<\/strong><\/h2>\n\n\n\n<p class=\"has-text-align-center\"><em>Venez visiter la Ferme de la Commanderie, o\u00f9 M. Lepelley partagera sa passion et son savoir-faire transmis depuis quatre g\u00e9n\u00e9rations, dans l&#8217;\u00e9laboration de produits cidricoles tels que le cidre Cotentin AOP, le pommeau, le calvados&#8230; Vous aurez ensuite le plaisir de d\u00e9guster ces produits.<\/em><\/p>\n\n\n\n<figure class=\"wp-block-image size-full is-style-default\"><img loading=\"lazy\" decoding=\"async\" width=\"600\" height=\"401\" src=\"https:\/\/lamaisonduvieuxport.fr\/wp-content\/uploads\/2022\/06\/Ferme-de-la-Commanderie.jpg\" alt=\"\" class=\"wp-image-585\" srcset=\"https:\/\/lamaisonduvieuxport.fr\/wp-content\/uploads\/2022\/06\/Ferme-de-la-Commanderie.jpg 600w, https:\/\/lamaisonduvieuxport.fr\/wp-content\/uploads\/2022\/06\/Ferme-de-la-Commanderie-300x201.jpg 300w\" sizes=\"auto, (max-width: 600px) 100vw, 600px\" \/><\/figure>\n<\/div>\n\n\n\n<div class=\"wp-block-column is-layout-flow wp-block-column-is-layout-flow\">\n<h2 class=\"has-text-align-center wp-block-heading\">Plan\u00e9tarium Ludiver<\/h2>\n\n\n\n<p class=\"has-text-align-center\"><em>Site touristique et p\u00e9dagogique qui permet la d\u00e9couverte en famille et de fa\u00e7on ludique de l&#8217;astronomie, la conqu\u00eate spatiale, les sciences ainsi que l&#8217;environnement de notre plan\u00e8te Terre &#8230;<\/em><\/p>\n\n\n\n<figure class=\"wp-block-image size-full is-style-default\"><img loading=\"lazy\" decoding=\"async\" width=\"800\" height=\"400\" src=\"https:\/\/lamaisonduvieuxport.fr\/wp-content\/uploads\/2022\/06\/Plane\u0301tarium-Ludiver-1.jpg\" alt=\"\" class=\"wp-image-586\" srcset=\"https:\/\/lamaisonduvieuxport.fr\/wp-content\/uploads\/2022\/06\/Plane\u0301tarium-Ludiver-1.jpg 800w, https:\/\/lamaisonduvieuxport.fr\/wp-content\/uploads\/2022\/06\/Plane\u0301tarium-Ludiver-1-300x150.jpg 300w, https:\/\/lamaisonduvieuxport.fr\/wp-content\/uploads\/2022\/06\/Plane\u0301tarium-Ludiver-1-768x384.jpg 768w\" sizes=\"auto, (max-width: 800px) 100vw, 800px\" \/><\/figure>\n<\/div>\n<\/div>\n\n\n\n<p><\/p>\n","protected":false},"excerpt":{"rendered":"<p>Et comme on pense aussi \u00e0 vos loisirs, vous trouverez une multitude d\u2019activit\u00e9s \u00e0 d\u00e9couvrir\u2026 Dans la Hague, les promenades sont de rigueur entre jardin, parc ou mus\u00e9e (comme la Maison Natale du c\u00e9l\u00e8bre peintre&nbsp;Jean Fran\u00e7ois Millet&nbsp;ou encore celle de&nbsp;Jacques Pr\u00e9vert). La beaut\u00e9 unique et exceptionnelle des paysages mais \u00e9galement la culture et le terroir [&hellip;]<\/p>\n","protected":false},"author":1,"featured_media":0,"parent":0,"menu_order":0,"comment_status":"closed","ping_status":"closed","template":"","meta":{"_themeisle_gutenberg_block_has_review":false,"footnotes":""},"class_list":["post-424","page","type-page","status-publish","hentry"],"yoast_head":"<!-- This site is optimized with the Yoast SEO plugin v27.4 - https:\/\/yoast.com\/product\/yoast-seo-wordpress\/ -->\n<title>Activit\u00e9s ~ La Maison du Vieux Port<\/title>\n<meta name=\"robots\" content=\"index, follow, max-snippet:-1, max-image-preview:large, max-video-preview:-1\" \/>\n<link rel=\"canonical\" href=\"https:\/\/lamaisonduvieuxport.fr\/?page_id=424\" \/>\n<meta property=\"og:locale\" content=\"fr_FR\" \/>\n<meta property=\"og:type\" content=\"article\" \/>\n<meta property=\"og:title\" content=\"Activit\u00e9s ~ La Maison du Vieux Port\" \/>\n<meta property=\"og:description\" content=\"Et comme on pense aussi \u00e0 vos loisirs, vous trouverez une multitude d\u2019activit\u00e9s \u00e0 d\u00e9couvrir\u2026 Dans la Hague, les promenades sont de rigueur entre jardin, parc ou mus\u00e9e (comme la Maison Natale du c\u00e9l\u00e8bre peintre&nbsp;Jean Fran\u00e7ois Millet&nbsp;ou encore celle de&nbsp;Jacques Pr\u00e9vert). La beaut\u00e9 unique et exceptionnelle des paysages mais \u00e9galement la culture et le terroir [&hellip;]\" \/>\n<meta property=\"og:url\" content=\"https:\/\/lamaisonduvieuxport.fr\/?page_id=424\" \/>\n<meta property=\"og:site_name\" content=\"La Maison du Vieux Port\" \/>\n<meta property=\"article:modified_time\" content=\"2022-06-08T21:16:47+00:00\" \/>\n<meta property=\"og:image\" content=\"https:\/\/lamaisonduvieuxport.fr\/wp-content\/uploads\/2022\/06\/DSC04477-1024x683.jpg\" \/>\n<meta name=\"twitter:card\" content=\"summary_large_image\" \/>\n<meta name=\"twitter:label1\" content=\"Dur\u00e9e de lecture estim\u00e9e\" \/>\n\t<meta name=\"twitter:data1\" content=\"2 minutes\" \/>\n<script type=\"application\/ld+json\" class=\"yoast-schema-graph\">{\"@context\":\"https:\\\/\\\/schema.org\",\"@graph\":[{\"@type\":\"WebPage\",\"@id\":\"https:\\\/\\\/lamaisonduvieuxport.fr\\\/?page_id=424\",\"url\":\"https:\\\/\\\/lamaisonduvieuxport.fr\\\/?page_id=424\",\"name\":\"Activit\u00e9s ~ La Maison du Vieux Port\",\"isPartOf\":{\"@id\":\"https:\\\/\\\/lamaisonduvieuxport.fr\\\/#website\"},\"primaryImageOfPage\":{\"@id\":\"https:\\\/\\\/lamaisonduvieuxport.fr\\\/?page_id=424#primaryimage\"},\"image\":{\"@id\":\"https:\\\/\\\/lamaisonduvieuxport.fr\\\/?page_id=424#primaryimage\"},\"thumbnailUrl\":\"https:\\\/\\\/lamaisonduvieuxport.fr\\\/wp-content\\\/uploads\\\/2022\\\/06\\\/DSC04477-1024x683.jpg\",\"datePublished\":\"2022-02-08T20:12:45+00:00\",\"dateModified\":\"2022-06-08T21:16:47+00:00\",\"breadcrumb\":{\"@id\":\"https:\\\/\\\/lamaisonduvieuxport.fr\\\/?page_id=424#breadcrumb\"},\"inLanguage\":\"fr-FR\",\"potentialAction\":[{\"@type\":\"ReadAction\",\"target\":[\"https:\\\/\\\/lamaisonduvieuxport.fr\\\/?page_id=424\"]}]},{\"@type\":\"ImageObject\",\"inLanguage\":\"fr-FR\",\"@id\":\"https:\\\/\\\/lamaisonduvieuxport.fr\\\/?page_id=424#primaryimage\",\"url\":\"https:\\\/\\\/lamaisonduvieuxport.fr\\\/wp-content\\\/uploads\\\/2022\\\/06\\\/DSC04477.jpg\",\"contentUrl\":\"https:\\\/\\\/lamaisonduvieuxport.fr\\\/wp-content\\\/uploads\\\/2022\\\/06\\\/DSC04477.jpg\",\"width\":1500,\"height\":1000},{\"@type\":\"BreadcrumbList\",\"@id\":\"https:\\\/\\\/lamaisonduvieuxport.fr\\\/?page_id=424#breadcrumb\",\"itemListElement\":[{\"@type\":\"ListItem\",\"position\":1,\"name\":\"Accueil\",\"item\":\"https:\\\/\\\/lamaisonduvieuxport.fr\\\/\"},{\"@type\":\"ListItem\",\"position\":2,\"name\":\"Activit\u00e9s\"}]},{\"@type\":\"WebSite\",\"@id\":\"https:\\\/\\\/lamaisonduvieuxport.fr\\\/#website\",\"url\":\"https:\\\/\\\/lamaisonduvieuxport.fr\\\/\",\"name\":\"La Maison du Vieux Port\",\"description\":\"\",\"publisher\":{\"@id\":\"https:\\\/\\\/lamaisonduvieuxport.fr\\\/#\\\/schema\\\/person\\\/9e377c0de7a2e00a5356c1dcd87f24f0\"},\"potentialAction\":[{\"@type\":\"SearchAction\",\"target\":{\"@type\":\"EntryPoint\",\"urlTemplate\":\"https:\\\/\\\/lamaisonduvieuxport.fr\\\/?s={search_term_string}\"},\"query-input\":{\"@type\":\"PropertyValueSpecification\",\"valueRequired\":true,\"valueName\":\"search_term_string\"}}],\"inLanguage\":\"fr-FR\"},{\"@type\":[\"Person\",\"Organization\"],\"@id\":\"https:\\\/\\\/lamaisonduvieuxport.fr\\\/#\\\/schema\\\/person\\\/9e377c0de7a2e00a5356c1dcd87f24f0\",\"name\":\"admin1086\",\"image\":{\"@type\":\"ImageObject\",\"inLanguage\":\"fr-FR\",\"@id\":\"https:\\\/\\\/lamaisonduvieuxport.fr\\\/wp-content\\\/uploads\\\/2022\\\/02\\\/cropped-cropped-Logo-LMVP-1.jpeg\",\"url\":\"https:\\\/\\\/lamaisonduvieuxport.fr\\\/wp-content\\\/uploads\\\/2022\\\/02\\\/cropped-cropped-Logo-LMVP-1.jpeg\",\"contentUrl\":\"https:\\\/\\\/lamaisonduvieuxport.fr\\\/wp-content\\\/uploads\\\/2022\\\/02\\\/cropped-cropped-Logo-LMVP-1.jpeg\",\"width\":400,\"height\":400,\"caption\":\"admin1086\"},\"logo\":{\"@id\":\"https:\\\/\\\/lamaisonduvieuxport.fr\\\/wp-content\\\/uploads\\\/2022\\\/02\\\/cropped-cropped-Logo-LMVP-1.jpeg\"},\"sameAs\":[\"http:\\\/\\\/lamaisonduvieuxport.fr\"]}]}<\/script>\n<!-- \/ Yoast SEO plugin. -->","yoast_head_json":{"title":"Activit\u00e9s ~ La Maison du Vieux Port","robots":{"index":"index","follow":"follow","max-snippet":"max-snippet:-1","max-image-preview":"max-image-preview:large","max-video-preview":"max-video-preview:-1"},"canonical":"https:\/\/lamaisonduvieuxport.fr\/?page_id=424","og_locale":"fr_FR","og_type":"article","og_title":"Activit\u00e9s ~ La Maison du Vieux Port","og_description":"Et comme on pense aussi \u00e0 vos loisirs, vous trouverez une multitude d\u2019activit\u00e9s \u00e0 d\u00e9couvrir\u2026 Dans la Hague, les promenades sont de rigueur entre jardin, parc ou mus\u00e9e (comme la Maison Natale du c\u00e9l\u00e8bre peintre&nbsp;Jean Fran\u00e7ois Millet&nbsp;ou encore celle de&nbsp;Jacques Pr\u00e9vert). La beaut\u00e9 unique et exceptionnelle des paysages mais \u00e9galement la culture et le terroir [&hellip;]","og_url":"https:\/\/lamaisonduvieuxport.fr\/?page_id=424","og_site_name":"La Maison du Vieux Port","article_modified_time":"2022-06-08T21:16:47+00:00","og_image":[{"url":"https:\/\/lamaisonduvieuxport.fr\/wp-content\/uploads\/2022\/06\/DSC04477-1024x683.jpg","type":"","width":"","height":""}],"twitter_card":"summary_large_image","twitter_misc":{"Dur\u00e9e de lecture estim\u00e9e":"2 minutes"},"schema":{"@context":"https:\/\/schema.org","@graph":[{"@type":"WebPage","@id":"https:\/\/lamaisonduvieuxport.fr\/?page_id=424","url":"https:\/\/lamaisonduvieuxport.fr\/?page_id=424","name":"Activit\u00e9s ~ La Maison du Vieux Port","isPartOf":{"@id":"https:\/\/lamaisonduvieuxport.fr\/#website"},"primaryImageOfPage":{"@id":"https:\/\/lamaisonduvieuxport.fr\/?page_id=424#primaryimage"},"image":{"@id":"https:\/\/lamaisonduvieuxport.fr\/?page_id=424#primaryimage"},"thumbnailUrl":"https:\/\/lamaisonduvieuxport.fr\/wp-content\/uploads\/2022\/06\/DSC04477-1024x683.jpg","datePublished":"2022-02-08T20:12:45+00:00","dateModified":"2022-06-08T21:16:47+00:00","breadcrumb":{"@id":"https:\/\/lamaisonduvieuxport.fr\/?page_id=424#breadcrumb"},"inLanguage":"fr-FR","potentialAction":[{"@type":"ReadAction","target":["https:\/\/lamaisonduvieuxport.fr\/?page_id=424"]}]},{"@type":"ImageObject","inLanguage":"fr-FR","@id":"https:\/\/lamaisonduvieuxport.fr\/?page_id=424#primaryimage","url":"https:\/\/lamaisonduvieuxport.fr\/wp-content\/uploads\/2022\/06\/DSC04477.jpg","contentUrl":"https:\/\/lamaisonduvieuxport.fr\/wp-content\/uploads\/2022\/06\/DSC04477.jpg","width":1500,"height":1000},{"@type":"BreadcrumbList","@id":"https:\/\/lamaisonduvieuxport.fr\/?page_id=424#breadcrumb","itemListElement":[{"@type":"ListItem","position":1,"name":"Accueil","item":"https:\/\/lamaisonduvieuxport.fr\/"},{"@type":"ListItem","position":2,"name":"Activit\u00e9s"}]},{"@type":"WebSite","@id":"https:\/\/lamaisonduvieuxport.fr\/#website","url":"https:\/\/lamaisonduvieuxport.fr\/","name":"La Maison du Vieux Port","description":"","publisher":{"@id":"https:\/\/lamaisonduvieuxport.fr\/#\/schema\/person\/9e377c0de7a2e00a5356c1dcd87f24f0"},"potentialAction":[{"@type":"SearchAction","target":{"@type":"EntryPoint","urlTemplate":"https:\/\/lamaisonduvieuxport.fr\/?s={search_term_string}"},"query-input":{"@type":"PropertyValueSpecification","valueRequired":true,"valueName":"search_term_string"}}],"inLanguage":"fr-FR"},{"@type":["Person","Organization"],"@id":"https:\/\/lamaisonduvieuxport.fr\/#\/schema\/person\/9e377c0de7a2e00a5356c1dcd87f24f0","name":"admin1086","image":{"@type":"ImageObject","inLanguage":"fr-FR","@id":"https:\/\/lamaisonduvieuxport.fr\/wp-content\/uploads\/2022\/02\/cropped-cropped-Logo-LMVP-1.jpeg","url":"https:\/\/lamaisonduvieuxport.fr\/wp-content\/uploads\/2022\/02\/cropped-cropped-Logo-LMVP-1.jpeg","contentUrl":"https:\/\/lamaisonduvieuxport.fr\/wp-content\/uploads\/2022\/02\/cropped-cropped-Logo-LMVP-1.jpeg","width":400,"height":400,"caption":"admin1086"},"logo":{"@id":"https:\/\/lamaisonduvieuxport.fr\/wp-content\/uploads\/2022\/02\/cropped-cropped-Logo-LMVP-1.jpeg"},"sameAs":["http:\/\/lamaisonduvieuxport.fr"]}]}},"_links":{"self":[{"href":"https:\/\/lamaisonduvieuxport.fr\/index.php?rest_route=\/wp\/v2\/pages\/424","targetHints":{"allow":["GET"]}}],"collection":[{"href":"https:\/\/lamaisonduvieuxport.fr\/index.php?rest_route=\/wp\/v2\/pages"}],"about":[{"href":"https:\/\/lamaisonduvieuxport.fr\/index.php?rest_route=\/wp\/v2\/types\/page"}],"author":[{"embeddable":true,"href":"https:\/\/lamaisonduvieuxport.fr\/index.php?rest_route=\/wp\/v2\/users\/1"}],"replies":[{"embeddable":true,"href":"https:\/\/lamaisonduvieuxport.fr\/index.php?rest_route=%2Fwp%2Fv2%2Fcomments&post=424"}],"version-history":[{"count":6,"href":"https:\/\/lamaisonduvieuxport.fr\/index.php?rest_route=\/wp\/v2\/pages\/424\/revisions"}],"predecessor-version":[{"id":588,"href":"https:\/\/lamaisonduvieuxport.fr\/index.php?rest_route=\/wp\/v2\/pages\/424\/revisions\/588"}],"wp:attachment":[{"href":"https:\/\/lamaisonduvieuxport.fr\/index.php?rest_route=%2Fwp%2Fv2%2Fmedia&parent=424"}],"curies":[{"name":"wp","href":"https:\/\/api.w.org\/{rel}","templated":true}]}}